{"id":2,"date":"2021-02-20T17:48:53","date_gmt":"2021-02-20T16:48:53","guid":{"rendered":"https:\/\/test.schmiedetechnik-sued.de\/?page_id=2"},"modified":"2025-09-28T19:53:22","modified_gmt":"2025-09-28T17:53:22","slug":"beispiel-seite","status":"publish","type":"page","link":"https:\/\/schmiedetechnik-sued.de\/?page_id=2","title":{"rendered":"Zertifikate und Qualit\u00e4t"},"content":{"rendered":"<p><div class=\"fusion-fullwidth fullwidth-box fusion-builder-row-1 fusion-flex-container nonhundred-percent-fullwidth non-hundred-percent-height-scrolling\" style=\"--awb-border-radius-top-left:0px;--awb-border-radius-top-right:0px;--awb-border-radius-bottom-right:0px;--awb-border-radius-bottom-left:0px;--awb-flex-wrap:wrap;\" ><div class=\"fusion-builder-row fusion-row fusion-flex-align-items-flex-start fusion-flex-content-wrap\" style=\"max-width:1216.8px;margin-left: calc(-4% \/ 2 );margin-right: calc(-4% \/ 2 );\"><div class=\"fusion-layout-column fusion_builder_column fusion-builder-column-0 fusion_builder_column_1_1 1_1 fusion-flex-column\" style=\"--awb-bg-size:cover;--awb-width-large:100%;--awb-margin-top-large:0px;--awb-spacing-right-large:1.92%;--awb-margin-bottom-large:0px;--awb-spacing-left-large:1.92%;--awb-width-medium:100%;--awb-spacing-right-medium:1.92%;--awb-spacing-left-medium:1.92%;--awb-width-small:100%;--awb-spacing-right-small:1.92%;--awb-spacing-left-small:1.92%;\"><div class=\"fusion-column-wrapper fusion-flex-justify-content-flex-start fusion-content-layout-column\"><div class=\"fusion-text fusion-text-1\" style=\"--awb-font-size:16px;\"><\/p>\n<h1>Qualit\u00e4t<\/h1>\n<h4>Bei der Schmiedetechnik S\u00fcddeutschland GmbH wird Qualit\u00e4t schon immer gro\u00dfgeschrieben.<\/h4>\n<ul>\n<li>\n<h4>Die Fertigung ist darauf eingerichtet, alle Pr\u00fcfungen im eigenen Hause durchzuf\u00fchren bei permanent \u00fcberwachtem Qualit\u00e4tsanspruch.<\/h4>\n<\/li>\n<\/ul>\n<p><strong>Einige der Pr\u00fcfverfahren im \u00dcberblick<\/strong><\/p>\n<ul>\n<li>Metallographische und analytische Untersuchungen<\/li>\n<li>Ultraschallpr\u00fcfungen<\/li>\n<li>Farbeindringpr\u00fcfungen<\/li>\n<li>Magnetpulverpr\u00fcfungen<\/li>\n<li>Wirbelstrompr\u00fcfungen<\/li>\n<li>Korrosionspr\u00fcfungen<\/li>\n<li>Korngr\u00f6\u00dfenbestimmungen<\/li>\n<li>Ferritmessungen<\/li>\n<li>H\u00e4rteverlaufskontrollen<\/li>\n<li>Auf 1\/100 mm exakte Ma\u00dfkontrollen<\/li>\n<li>100%-ige Verwechslungspr\u00fcfungen<\/li>\n<\/ul>\n<\/div><\/div><\/div><\/div><\/div><div class=\"fusion-fullwidth fullwidth-box fusion-builder-row-2 fusion-flex-container nonhundred-percent-fullwidth non-hundred-percent-height-scrolling\" style=\"--awb-border-radius-top-left:0px;--awb-border-radius-top-right:0px;--awb-border-radius-bottom-right:0px;--awb-border-radius-bottom-left:0px;--awb-padding-top:20px;--awb-flex-wrap:wrap;\" ><div class=\"fusion-builder-row fusion-row fusion-flex-align-items-flex-start fusion-flex-content-wrap\" style=\"max-width:1216.8px;margin-left: calc(-4% \/ 2 );margin-right: calc(-4% \/ 2 );\"><div class=\"fusion-layout-column fusion_builder_column fusion-builder-column-1 fusion_builder_column_1_1 1_1 fusion-flex-column\" style=\"--awb-bg-size:cover;--awb-width-large:100%;--awb-margin-top-large:0px;--awb-spacing-right-large:1.92%;--awb-margin-bottom-large:20px;--awb-spacing-left-large:1.92%;--awb-width-medium:100%;--awb-order-medium:0;--awb-spacing-right-medium:1.92%;--awb-spacing-left-medium:1.92%;--awb-width-small:100%;--awb-order-small:0;--awb-spacing-right-small:1.92%;--awb-spacing-left-small:1.92%;\"><div class=\"fusion-column-wrapper fusion-column-has-shadow fusion-flex-justify-content-flex-start fusion-content-layout-block\"><div class=\"fusion-title title fusion-title-1 fusion-title-center fusion-title-text fusion-title-size-one\"><div class=\"title-sep-container title-sep-container-left\"><div class=\"title-sep sep- sep-solid\" style=\"border-color:#e0dede;\"><\/div><\/div><span class=\"awb-title-spacer\"><\/span><h1 class=\"fusion-title-heading title-heading-center\" style=\"margin:0;\"><p style=\"text-align: center;\">Zertifikate<\/p><\/h1><span class=\"awb-title-spacer\"><\/span><div class=\"title-sep-container title-sep-container-right\"><div class=\"title-sep sep- sep-solid\" style=\"border-color:#e0dede;\"><\/div><\/div><\/div><\/div><\/div><\/div><\/div><div class=\"fusion-fullwidth fullwidth-box fusion-builder-row-3 fusion-flex-container fusion-parallax-none nonhundred-percent-fullwidth non-hundred-percent-height-scrolling\" style=\"--awb-border-radius-top-left:0px;--awb-border-radius-top-right:0px;--awb-border-radius-bottom-right:0px;--awb-border-radius-bottom-left:0px;--awb-padding-top:3%;--awb-padding-bottom:2%;--awb-background-image:linear-gradient(180deg, rgba(2,48,100,0.7) 0%,rgba(2,48,100,0.9) 100%),url(https:\/\/test.schmiedetechnik-sued.de\/wp-content\/uploads\/2021\/05\/STS_weitaufnahme.jpg);;--awb-background-size:cover;--awb-flex-wrap:wrap;\" ><div class=\"fusion-builder-row fusion-row fusion-flex-align-items-flex-start fusion-flex-content-wrap\" style=\"max-width:1216.8px;margin-left: calc(-4% \/ 2 );margin-right: calc(-4% \/ 2 );\"><div class=\"fusion-layout-column fusion_builder_column fusion-builder-column-2 fusion_builder_column_1_2 1_2 fusion-flex-column fusion-column-inner-bg-wrapper\" style=\"--awb-padding-right:16px;--awb-inner-bg-size:cover;--awb-box-shadow: 0px 0px ;;--awb-width-large:50%;--awb-margin-top-large:0px;--awb-spacing-right-large:3.84%;--awb-margin-bottom-large:20px;--awb-spacing-left-large:3.84%;--awb-width-medium:100%;--awb-order-medium:0;--awb-spacing-right-medium:1.92%;--awb-spacing-left-medium:1.92%;--awb-width-small:100%;--awb-order-small:0;--awb-spacing-right-small:1.92%;--awb-spacing-left-small:1.92%;\" data-scroll-devices=\"small-visibility,medium-visibility,large-visibility\"><span class=\"fusion-column-inner-bg hover-type-none\"><a class=\"fusion-column-anchor\" href=\"https:\/\/schmiedetechnik-sued.de\/wp-content\/uploads\/2024\/07\/Zertifikat-2024-2027.pdf\"><span class=\"fusion-column-inner-bg-image\"><\/span><\/a><\/span><div class=\"fusion-column-wrapper fusion-column-has-shadow fusion-flex-justify-content-flex-start fusion-content-layout-column\"><div class=\"fusion-image-element \" style=\"--awb-caption-title-font-family:var(--h2_typography-font-family);--awb-caption-title-font-weight:var(--h2_typography-font-weight);--awb-caption-title-font-style:var(--h2_typography-font-style);--awb-caption-title-size:var(--h2_typography-font-size);--awb-caption-title-transform:var(--h2_typography-text-transform);--awb-caption-title-line-height:var(--h2_typography-line-height);--awb-caption-title-letter-spacing:var(--h2_typography-letter-spacing);\"><span class=\" fusion-imageframe imageframe-none imageframe-1 hover-type-none\" style=\"border-radius:5px;\"><a class=\"fusion-no-lightbox\" href=\"https:\/\/schmiedetechnik-sued.de\/wp-content\/uploads\/2024\/07\/Zertifikat-2024-2027.pdf\" target=\"_blank\" aria-label=\"ISO Zertifikat T\u00dcV S\u00dcD bis 22.07.2027\" rel=\"noopener noreferrer\"><img decoding=\"async\" width=\"632\" height=\"963\" alt=\"ISO Zertifikat T\u00dcV S\u00dcD bis 22.07.2027\" src=\"https:\/\/schmiedetechnik-sued.de\/wp-content\/uploads\/2024\/07\/iso_zertifikat_tuev_sued_bis_20270722.jpg\" class=\"img-responsive wp-image-13610\" srcset=\"https:\/\/schmiedetechnik-sued.de\/wp-content\/uploads\/2024\/07\/iso_zertifikat_tuev_sued_bis_20270722-200x305.jpg 200w, https:\/\/schmiedetechnik-sued.de\/wp-content\/uploads\/2024\/07\/iso_zertifikat_tuev_sued_bis_20270722-400x609.jpg 400w, https:\/\/schmiedetechnik-sued.de\/wp-content\/uploads\/2024\/07\/iso_zertifikat_tuev_sued_bis_20270722-600x914.jpg 600w, https:\/\/schmiedetechnik-sued.de\/wp-content\/uploads\/2024\/07\/iso_zertifikat_tuev_sued_bis_20270722.jpg 632w\" sizes=\"(max-width: 1024px) 100vw, (max-width: 640px) 100vw, 600px\" \/><\/a><\/span><\/div><\/div><\/div><div class=\"fusion-layout-column fusion_builder_column fusion-builder-column-3 fusion_builder_column_1_2 1_2 fusion-flex-column fusion-column-inner-bg-wrapper\" style=\"--awb-padding-left:10px;--awb-inner-bg-size:cover;--awb-width-large:50%;--awb-margin-top-large:0px;--awb-spacing-right-large:3.84%;--awb-margin-bottom-large:20px;--awb-spacing-left-large:3.84%;--awb-width-medium:100%;--awb-order-medium:0;--awb-spacing-right-medium:1.92%;--awb-spacing-left-medium:1.92%;--awb-width-small:100%;--awb-order-small:0;--awb-spacing-right-small:1.92%;--awb-spacing-left-small:1.92%;\" data-scroll-devices=\"small-visibility,medium-visibility,large-visibility\"><span class=\"fusion-column-inner-bg hover-type-none\"><a class=\"fusion-column-anchor\" href=\"https:\/\/schmiedetechnik-sued.de\/wp-content\/uploads\/2025\/09\/73110-Schmiedetechnik-SUeD-2028-01-31-600-137-927-Bescheinigung.pdf\"><span class=\"fusion-column-inner-bg-image\"><\/span><\/a><\/span><div class=\"fusion-column-wrapper fusion-column-has-shadow fusion-flex-justify-content-flex-start fusion-content-layout-column\"><div class=\"fusion-image-element \" style=\"--awb-caption-title-font-family:var(--h2_typography-font-family);--awb-caption-title-font-weight:var(--h2_typography-font-weight);--awb-caption-title-font-style:var(--h2_typography-font-style);--awb-caption-title-size:var(--h2_typography-font-size);--awb-caption-title-transform:var(--h2_typography-text-transform);--awb-caption-title-line-height:var(--h2_typography-line-height);--awb-caption-title-letter-spacing:var(--h2_typography-letter-spacing);\"><span class=\" fusion-imageframe imageframe-none imageframe-2 hover-type-none\" style=\"border-radius:5px;\"><a class=\"fusion-no-lightbox\" href=\"https:\/\/schmiedetechnik-sued.de\/wp-content\/uploads\/2025\/09\/73110-Schmiedetechnik-SUeD-2028-01-31-600-137-927-Bescheinigung.pdf\" target=\"_self\" aria-label=\"73110 &#8211; Schmiedetechnik-S\u00dcD &#8211; 2028-01-31 &#8211; 600 137 927 &#8211; Bescheinigung2025\"><img decoding=\"async\" width=\"640\" height=\"962\" src=\"https:\/\/schmiedetechnik-sued.de\/wp-content\/uploads\/2025\/01\/73110-Schmiedetechnik-SUeD-2025-01-23-600-137-927-Bescheinigung2025.jpg\" alt class=\"img-responsive wp-image-13624\" srcset=\"https:\/\/schmiedetechnik-sued.de\/wp-content\/uploads\/2025\/01\/73110-Schmiedetechnik-SUeD-2025-01-23-600-137-927-Bescheinigung2025-200x301.jpg 200w, https:\/\/schmiedetechnik-sued.de\/wp-content\/uploads\/2025\/01\/73110-Schmiedetechnik-SUeD-2025-01-23-600-137-927-Bescheinigung2025-400x601.jpg 400w, https:\/\/schmiedetechnik-sued.de\/wp-content\/uploads\/2025\/01\/73110-Schmiedetechnik-SUeD-2025-01-23-600-137-927-Bescheinigung2025-600x902.jpg 600w, https:\/\/schmiedetechnik-sued.de\/wp-content\/uploads\/2025\/01\/73110-Schmiedetechnik-SUeD-2025-01-23-600-137-927-Bescheinigung2025.jpg 640w\" sizes=\"(max-width: 1024px) 100vw, (max-width: 640px) 100vw, 600px\" \/><\/a><\/span><\/div><\/div><\/div><\/div><\/div><\/p>","protected":false},"excerpt":{"rendered":"","protected":false},"author":1,"featured_media":0,"parent":0,"menu_order":0,"comment_status":"closed","ping_status":"open","template":"100-width.php","meta":{"footnotes":""},"class_list":["post-2","page","type-page","status-publish","hentry"],"_links":{"self":[{"href":"https:\/\/schmiedetechnik-sued.de\/index.php?rest_route=\/wp\/v2\/pages\/2","targetHints":{"allow":["GET"]}}],"collection":[{"href":"https:\/\/schmiedetechnik-sued.de\/index.php?rest_route=\/wp\/v2\/pages"}],"about":[{"href":"https:\/\/schmiedetechnik-sued.de\/index.php?rest_route=\/wp\/v2\/types\/page"}],"author":[{"embeddable":true,"href":"https:\/\/schmiedetechnik-sued.de\/index.php?rest_route=\/wp\/v2\/users\/1"}],"replies":[{"embeddable":true,"href":"https:\/\/schmiedetechnik-sued.de\/index.php?rest_route=%2Fwp%2Fv2%2Fcomments&post=2"}],"version-history":[{"count":45,"href":"https:\/\/schmiedetechnik-sued.de\/index.php?rest_route=\/wp\/v2\/pages\/2\/revisions"}],"predecessor-version":[{"id":13635,"href":"https:\/\/schmiedetechnik-sued.de\/index.php?rest_route=\/wp\/v2\/pages\/2\/revisions\/13635"}],"wp:attachment":[{"href":"https:\/\/schmiedetechnik-sued.de\/index.php?rest_route=%2Fwp%2Fv2%2Fmedia&parent=2"}],"curies":[{"name":"wp","href":"https:\/\/api.w.org\/{rel}","templated":true}]}}